{"id":258,"date":"2018-01-22T10:17:40","date_gmt":"2018-01-22T14:17:40","guid":{"rendered":"http:\/\/alcaldiasangregoriodenigua.gob.do\/transparencia\/?page_id=258"},"modified":"2025-03-06T21:53:38","modified_gmt":"2025-03-07T01:53:38","slug":"responsable-de-acceso-a-la-informacion","status":"publish","type":"page","link":"https:\/\/ayuntamientonigua.gob.do\/transparencia\/responsable-de-acceso-a-la-informacion\/","title":{"rendered":"Responsable de Acceso a la Informaci\u00f3n"},"content":{"rendered":"<p><span style=\"font-size: 14pt\"><strong>Contacto Responsable de Acceso a la Informaci\u00f3n<\/strong><\/span><\/p>\n<p>Edilenia Figuereo<br \/>Responsable de Acceso a la Informaci\u00f3n\u00a0(RAI)<br \/>Tel\u00e9fono: 849-650-6078<br \/>Correo electr\u00f3nico: oianigua@gmail.com<br \/>Direcci\u00f3n:\u00a0C\/Duarte #5 Municipio San Gregorio de Nigua, San Crist\u00f3bal, Rep. Dom.<\/p>\n\n","protected":false},"excerpt":{"rendered":"Contacto Responsable de Acceso a la Informaci\u00f3n Edilenia FiguereoResponsable de Acceso a la Informaci\u00f3n\u00a0(RAI)Tel\u00e9fono: 849-650-6078Correo electr\u00f3nico: oianigua@gmail.comDirecci\u00f3n:\u00a0C\/Duarte #5 Municipio San Gregorio de Nigua, San Crist\u00f3bal, Rep. Dom.","protected":false},"author":4,"featured_media":0,"parent":0,"menu_order":0,"comment_status":"closed","ping_status":"closed","template":"","meta":[],"_links":{"self":[{"href":"https:\/\/ayuntamientonigua.gob.do\/transparencia\/wp-json\/wp\/v2\/pages\/258"}],"collection":[{"href":"https:\/\/ayuntamientonigua.gob.do\/transparencia\/wp-json\/wp\/v2\/pages"}],"about":[{"href":"https:\/\/ayuntamientonigua.gob.do\/transparencia\/wp-json\/wp\/v2\/types\/page"}],"author":[{"embeddable":true,"href":"https:\/\/ayuntamientonigua.gob.do\/transparencia\/wp-json\/wp\/v2\/users\/4"}],"replies":[{"embeddable":true,"href":"https:\/\/ayuntamientonigua.gob.do\/transparencia\/wp-json\/wp\/v2\/comments?post=258"}],"version-history":[{"count":6,"href":"https:\/\/ayuntamientonigua.gob.do\/transparencia\/wp-json\/wp\/v2\/pages\/258\/revisions"}],"predecessor-version":[{"id":1309,"href":"https:\/\/ayuntamientonigua.gob.do\/transparencia\/wp-json\/wp\/v2\/pages\/258\/revisions\/1309"}],"wp:attachment":[{"href":"https:\/\/ayuntamientonigua.gob.do\/transparencia\/wp-json\/wp\/v2\/media?parent=258"}],"curies":[{"name":"wp","href":"https:\/\/api.w.org\/{rel}","templated":true}]}}